{"id":2,"date":"2009-02-09T11:41:49","date_gmt":"2009-02-09T10:41:49","guid":{"rendered":"http:\/\/www.trivigante.it\/attila\/?page_id=2"},"modified":"2009-11-11T19:35:28","modified_gmt":"2009-11-11T18:35:28","slug":"info","status":"publish","type":"page","link":"https:\/\/www.trivigante.it\/public\/tregenda\/info\/","title":{"rendered":"modi"},"content":{"rendered":"<p><span style=\"color: #993300;\"><span style=\"color: #993300;\">visualizzazione<\/span><span style=\"color: #000000;\">: per piacere per piacere, chi lo fa smetta di usare Internet Explorer e approdi ad altro: sia perch\u00e9 non \u00e8 possibile, altrimenti, apprezzare appieno la bellezza di queste pagine, sia perch\u00e9 il cambio \u00e8 necessario per una qualit\u00e0 dignitosa di vita informatica.<\/span><\/span><\/p>\n<p><span style=\"color: #993300;\">comunicazioni<\/span>: posta[at]trivigante.it senza le parentesi e con la chiocciola. Oppure, il modulo &#8220;contatto&#8221; nel menu in alto, pi\u00f9 comodo.<\/p>\n<p><span style=\"color: #993300;\">commenti<\/span>: i commenti sono per ora aperti, non sono richiesti dati di autenticazione se non un nome e un indirizzo di posta elettronica plausibile. In ogni caso, l&#8217;indirizzo di posta elettronica non sar\u00e0 pubblicato n\u00e9 utilizzato. Tutti i commenti sono per\u00f2 soggetti a moderazione, perch\u00e9 girano certi cattivoni. Chi scrive &#8220;po&#8217;&#8221; con l&#8217;accento, \u00e8 cassato di principio.<\/p>\n<p><span style=\"color: #993300;\">registrazione<\/span>: \u00e8 possibile registrarsi cliccando in alto a destra e accedere come sottoscrittore. Non offro particolari vantaggi, se non inserire i commenti pi\u00f9 velocemente, personalizzare un proprio mini-profilo visibile agli altri e attivare la cache turbofotonica, velocizzando il caricamento delle pagine. Forse.<\/p>\n<p><span style=\"color: #993300;\">pubblicazione<\/span>: trivigante.it e il b.site sono sempre stati, nelle intenzioni primigenie, degli spazi abbastanza aperti ai contributi altrui; va da s\u00e9 che anche questo spazio lo \u00e8. Se a qualcuno gli viene la voglia, basta dirlo e ci lavoriamo.<\/p>\n","protected":false},"excerpt":{"rendered":"<p>visualizzazione: per piacere per piacere, chi lo fa smetta di usare Internet Explorer e approdi ad altro: sia perch\u00e9 non \u00e8 possibile, altrimenti, apprezzare appieno la bellezza di queste pagine, sia perch\u00e9 il cambio \u00e8 necessario per una qualit\u00e0 dignitosa di vita informatica. comunicazioni: posta[at]trivigante.it senza le parentesi e con la chiocciola. Oppure, il modulo [&hellip;]<\/p>\n","protected":false},"author":1,"featured_media":0,"parent":0,"menu_order":0,"comment_status":"closed","ping_status":"open","template":"","meta":{"footnotes":""},"class_list":["post-2","page","type-page","status-publish","hentry"],"_links":{"self":[{"href":"https:\/\/www.trivigante.it\/public\/tregenda\/wp-json\/wp\/v2\/pages\/2","targetHints":{"allow":["GET"]}}],"collection":[{"href":"https:\/\/www.trivigante.it\/public\/tregenda\/wp-json\/wp\/v2\/pages"}],"about":[{"href":"https:\/\/www.trivigante.it\/public\/tregenda\/wp-json\/wp\/v2\/types\/page"}],"author":[{"embeddable":true,"href":"https:\/\/www.trivigante.it\/public\/tregenda\/wp-json\/wp\/v2\/users\/1"}],"replies":[{"embeddable":true,"href":"https:\/\/www.trivigante.it\/public\/tregenda\/wp-json\/wp\/v2\/comments?post=2"}],"version-history":[{"count":0,"href":"https:\/\/www.trivigante.it\/public\/tregenda\/wp-json\/wp\/v2\/pages\/2\/revisions"}],"wp:attachment":[{"href":"https:\/\/www.trivigante.it\/public\/tregenda\/wp-json\/wp\/v2\/media?parent=2"}],"curies":[{"name":"wp","href":"https:\/\/api.w.org\/{rel}","templated":true}]}}